{"id":94,"date":"2025-10-03T16:15:50","date_gmt":"2025-10-03T16:15:50","guid":{"rendered":"https:\/\/new.deomatic.be\/?page_id=94"},"modified":"2025-10-20T11:10:23","modified_gmt":"2025-10-20T11:10:23","slug":"contactez-nous","status":"publish","type":"page","link":"https:\/\/new.deomatic.be\/?page_id=94","title":{"rendered":"Contactez-nous"},"content":{"rendered":"\n<div style=\"height:40px\" aria-hidden=\"true\" class=\"wp-block-spacer\"><\/div>\n\n\n\n<h3 class=\"wp-block-heading has-text-align-center\">Vous avez une question sur une pi\u00e8ce d\u00e9tach\u00e9e, besoin d\u2019un conseil technique ou envie d\u2019un devis rapide ?<br>Notre \u00e9quipe est l\u00e0 pour vous aider.<\/h3>\n\n\n\n<div style=\"height:144px\" aria-hidden=\"true\" class=\"wp-block-spacer\"><\/div>\n\n\n\n<div class=\"wp-block-columns is-layout-flex wp-container-core-columns-is-layout-9d6595d7 wp-block-columns-is-layout-flex\">\n<div class=\"wp-block-column is-layout-flow wp-block-column-is-layout-flow\">\n<div style=\"display: flex; justify-content: center; margin: 20px 0;\">\n  <iframe \n    src=\"https:\/\/www.google.com\/maps\/embed?pb=!1m18!1m12!1m3!1d3581.5944695772405!2d4.274681802119373!3d50.78703549540274!2m3!1f0!2f0!3f0!3m2!1i1024!2i768!4f13.1!3m3!1m2!1s0x47c3c437ba98ffff%3A0xbb0cf3e9edd99369!2sDEOMATIC%20pi%C3%A8ces%20d%C3%A9tach%C3%A9es%20HORECA!5e1!3m2!1sfr!2sbe!4v1759508281657!5m2!1sfr!2sbe\" \n    width=\"1200\" \n    height=\"600\" \n    style=\"border:0;\" \n    allowfullscreen=\"\" \n    loading=\"lazy\" \n    referrerpolicy=\"no-referrer-when-downgrade\">\n  <\/iframe>\n<\/div>\n<\/div>\n<\/div>\n\n\n\n<div style=\"height:81px\" aria-hidden=\"true\" class=\"wp-block-spacer\"><\/div>\n\n\n\n<div class=\"wp-block-columns are-vertically-aligned-top is-layout-flex wp-container-core-columns-is-layout-9d6595d7 wp-block-columns-is-layout-flex\">\n<div class=\"wp-block-column is-vertically-aligned-top is-layout-flow wp-block-column-is-layout-flow\">\n<h4 class=\"wp-block-heading\">Contact<\/h4>\n\n\n\n<ul class=\"wp-block-list\">\n<li>Bergsensesteenweg 388D<br>1600 Leeuw-saint-pierre<\/li>\n\n\n\n<li>+32(0)2 343 97 64<\/li>\n\n\n\n<li>info@deomatic.be<\/li>\n<\/ul>\n<\/div>\n\n\n\n<div class=\"wp-block-column is-vertically-aligned-top is-layout-flow wp-block-column-is-layout-flow\">\n<h4 class=\"wp-block-heading\">Horaires d\u2019ouverture<\/h4>\n\n\n\n<ul class=\"wp-block-list\">\n<li>Lundi \u2013 Jeudi : 8h30 \u2013 17h00<\/li>\n\n\n\n<li>Vendredi : 8h30 &#8211; 15h00<\/li>\n\n\n\n<li>Samedi : ferm\u00e9<\/li>\n\n\n\n<li>Dimanche : ferm\u00e9<\/li>\n<\/ul>\n<\/div>\n<\/div>\n\n\n\n<div style=\"height:81px\" aria-hidden=\"true\" class=\"wp-block-spacer\"><\/div>\n\n\n<div class=\"wp-block-jetpack-contact-form\"><a href=\"https:\/\/new.deomatic.be\/?page_id=94\" target=\"_blank\" rel=\"noopener noreferrer\">Soumettre un formulaire.<\/a><\/div>","protected":false},"excerpt":{"rendered":"<p>Vous avez une question sur une pi\u00e8ce d\u00e9tach\u00e9e, besoin d\u2019un conseil technique ou envie d\u2019un devis rapide ?Notre \u00e9quipe est l\u00e0 pour vous aider. Contact Horaires d\u2019ouverture<\/p>\n","protected":false},"author":1,"featured_media":0,"parent":0,"menu_order":0,"comment_status":"closed","ping_status":"closed","template":"","meta":{"advanced_seo_description":"","jetpack_seo_html_title":"","jetpack_seo_noindex":false,"_kad_post_transparent":"","_kad_post_title":"","_kad_post_layout":"","_kad_post_sidebar_id":"","_kad_post_content_style":"","_kad_post_vertical_padding":"","_kad_post_feature":"","_kad_post_feature_position":"","_kad_post_header":false,"_kad_post_footer":false,"footnotes":""},"class_list":["post-94","page","type-page","status-publish","hentry"],"jetpack_sharing_enabled":true,"_links":{"self":[{"href":"https:\/\/new.deomatic.be\/index.php?rest_route=\/wp\/v2\/pages\/94","targetHints":{"allow":["GET"]}}],"collection":[{"href":"https:\/\/new.deomatic.be\/index.php?rest_route=\/wp\/v2\/pages"}],"about":[{"href":"https:\/\/new.deomatic.be\/index.php?rest_route=\/wp\/v2\/types\/page"}],"author":[{"embeddable":true,"href":"https:\/\/new.deomatic.be\/index.php?rest_route=\/wp\/v2\/users\/1"}],"replies":[{"embeddable":true,"href":"https:\/\/new.deomatic.be\/index.php?rest_route=%2Fwp%2Fv2%2Fcomments&post=94"}],"version-history":[{"count":20,"href":"https:\/\/new.deomatic.be\/index.php?rest_route=\/wp\/v2\/pages\/94\/revisions"}],"predecessor-version":[{"id":291,"href":"https:\/\/new.deomatic.be\/index.php?rest_route=\/wp\/v2\/pages\/94\/revisions\/291"}],"wp:attachment":[{"href":"https:\/\/new.deomatic.be\/index.php?rest_route=%2Fwp%2Fv2%2Fmedia&parent=94"}],"curies":[{"name":"wp","href":"https:\/\/api.w.org\/{rel}","templated":true}]}}