{"id":82,"date":"2025-10-03T16:05:02","date_gmt":"2025-10-03T16:05:02","guid":{"rendered":"https:\/\/new.deomatic.be\/?page_id=82"},"modified":"2025-10-20T11:25:08","modified_gmt":"2025-10-20T11:25:08","slug":"catalogues","status":"publish","type":"page","link":"https:\/\/new.deomatic.be\/?page_id=82","title":{"rendered":"Catalogues"},"content":{"rendered":"\n<div class=\"wp-block-group alignfull\" style=\"padding-top:var(--wp--preset--spacing--50);padding-right:var(--wp--preset--spacing--50);padding-bottom:var(--wp--preset--spacing--50);padding-left:var(--wp--preset--spacing--50)\"><div class=\"wp-block-group__inner-container is-layout-constrained wp-container-core-group-is-layout-f4d13f5d wp-block-group-is-layout-constrained\">\n<div class=\"wp-block-group\"><div class=\"wp-block-group__inner-container is-layout-constrained wp-container-core-group-is-layout-04692c70 wp-block-group-is-layout-constrained\">\n<div style=\"height:40px\" aria-hidden=\"true\" class=\"wp-block-spacer\"><\/div>\n\n\n\n<h2 class=\"wp-block-heading alignwide has-text-align-center\">D\u00e9couvrez nos catalogues complets et trouvez la pi\u00e8ce qu\u2019il vous faut en quelques clics.<\/h2>\n\n\n\n<div style=\"height:1.25rem\" aria-hidden=\"true\" class=\"wp-block-spacer\"><\/div>\n<\/div><\/div>\n\n\n\n<div style=\"height:var(--wp--preset--spacing--30)\" aria-hidden=\"true\" class=\"wp-block-spacer\"><\/div>\n<\/div><\/div>\n\n\n\n<p class=\"has-text-align-left\">Les catalogues ci-dessous rassemblent les <strong>r\u00e9f\u00e9rences les plus utilis\u00e9es<\/strong> dans le secteur Horeca.<br>Si vous ne trouvez pas la pi\u00e8ce que vous cherchez, <strong>n\u2019h\u00e9sitez pas \u00e0 nous contacter<\/strong> : notre \u00e9quipe se fera un plaisir de vous aider \u00e0 identifier et commander la pi\u00e8ce exacte dont vous avez besoin.<\/p>\n\n\n\n<p><a href=\"https:\/\/new.deomatic.be\/wp-content\/uploads\/2025\/10\/DEOMATIC-catalogue-joint-frigo-chambre-froide.pdf\" data-type=\"attachment\" data-id=\"300\"><img loading=\"lazy\" decoding=\"async\" width=\"200\" height=\"283\" class=\"wp-image-301\" style=\"width: 200px;\" src=\"https:\/\/new.deomatic.be\/wp-content\/uploads\/2025\/10\/page-accueil.jpg\" alt=\"\" srcset=\"https:\/\/new.deomatic.be\/wp-content\/uploads\/2025\/10\/page-accueil.jpg 1414w, https:\/\/new.deomatic.be\/wp-content\/uploads\/2025\/10\/page-accueil-212x300.jpg 212w, https:\/\/new.deomatic.be\/wp-content\/uploads\/2025\/10\/page-accueil-724x1024.jpg 724w, https:\/\/new.deomatic.be\/wp-content\/uploads\/2025\/10\/page-accueil-768x1086.jpg 768w, https:\/\/new.deomatic.be\/wp-content\/uploads\/2025\/10\/page-accueil-1086x1536.jpg 1086w\" sizes=\"auto, (max-width: 200px) 100vw, 200px\" \/><\/a><\/p>\n\n\n\n<p><\/p>\n","protected":false},"excerpt":{"rendered":"<p>D\u00e9couvrez nos catalogues complets et trouvez la pi\u00e8ce qu\u2019il vous faut en quelques clics. Les catalogues ci-dessous rassemblent les r\u00e9f\u00e9rences les plus utilis\u00e9es dans le secteur Horeca.Si vous ne trouvez pas la pi\u00e8ce que vous cherchez, n\u2019h\u00e9sitez pas \u00e0 nous contacter : notre \u00e9quipe se fera un plaisir de vous aider \u00e0 identifier et commander&#8230;<\/p>\n","protected":false},"author":1,"featured_media":0,"parent":0,"menu_order":0,"comment_status":"closed","ping_status":"closed","template":"","meta":{"advanced_seo_description":"","jetpack_seo_html_title":"","jetpack_seo_noindex":false,"_kad_post_transparent":"","_kad_post_title":"","_kad_post_layout":"","_kad_post_sidebar_id":"","_kad_post_content_style":"","_kad_post_vertical_padding":"","_kad_post_feature":"","_kad_post_feature_position":"","_kad_post_header":false,"_kad_post_footer":false,"footnotes":""},"class_list":["post-82","page","type-page","status-publish","hentry"],"jetpack_sharing_enabled":true,"_links":{"self":[{"href":"https:\/\/new.deomatic.be\/index.php?rest_route=\/wp\/v2\/pages\/82","targetHints":{"allow":["GET"]}}],"collection":[{"href":"https:\/\/new.deomatic.be\/index.php?rest_route=\/wp\/v2\/pages"}],"about":[{"href":"https:\/\/new.deomatic.be\/index.php?rest_route=\/wp\/v2\/types\/page"}],"author":[{"embeddable":true,"href":"https:\/\/new.deomatic.be\/index.php?rest_route=\/wp\/v2\/users\/1"}],"replies":[{"embeddable":true,"href":"https:\/\/new.deomatic.be\/index.php?rest_route=%2Fwp%2Fv2%2Fcomments&post=82"}],"version-history":[{"count":16,"href":"https:\/\/new.deomatic.be\/index.php?rest_route=\/wp\/v2\/pages\/82\/revisions"}],"predecessor-version":[{"id":303,"href":"https:\/\/new.deomatic.be\/index.php?rest_route=\/wp\/v2\/pages\/82\/revisions\/303"}],"wp:attachment":[{"href":"https:\/\/new.deomatic.be\/index.php?rest_route=%2Fwp%2Fv2%2Fmedia&parent=82"}],"curies":[{"name":"wp","href":"https:\/\/api.w.org\/{rel}","templated":true}]}}