{"id":45,"date":"2025-10-03T15:17:03","date_gmt":"2025-10-03T15:17:03","guid":{"rendered":"https:\/\/new.deomatic.be\/?page_id=45"},"modified":"2025-10-20T11:09:03","modified_gmt":"2025-10-20T11:09:03","slug":"accueil","status":"publish","type":"page","link":"https:\/\/new.deomatic.be\/","title":{"rendered":"Accueil"},"content":{"rendered":"\n<div class=\"wp-block-group alignfull\" style=\"padding-top:var(--wp--preset--spacing--50);padding-right:var(--wp--preset--spacing--50);padding-bottom:var(--wp--preset--spacing--50);padding-left:var(--wp--preset--spacing--50)\"><div class=\"wp-block-group__inner-container is-layout-constrained wp-container-core-group-is-layout-f4d13f5d wp-block-group-is-layout-constrained\">\n<div class=\"wp-block-group\"><div class=\"wp-block-group__inner-container is-layout-constrained wp-container-core-group-is-layout-04692c70 wp-block-group-is-layout-constrained\">\n<div style=\"height:40px\" aria-hidden=\"true\" class=\"wp-block-spacer\"><\/div>\n\n\n\n<h2 class=\"wp-block-heading alignwide has-text-align-center\">Fournisseur en pi\u00e8ces d\u00e9tach\u00e9es pour mat\u00e9riel Horeca depuis 1979<\/h2>\n\n\n\n<p class=\"has-text-align-center\">Nous proposons une large gamme de pi\u00e8ces d\u00e9tach\u00e9es adapt\u00e9es \u00e0 votre mat\u00e9riel Horeca, avec un service personnalis\u00e9 pour r\u00e9pondre \u00e0 vos besoins sp\u00e9cifiques.<\/p>\n\n\n\n<div style=\"height:1.25rem\" aria-hidden=\"true\" class=\"wp-block-spacer\"><\/div>\n\n\n\n<div class=\"wp-block-buttons is-content-justification-center is-layout-flex wp-container-core-buttons-is-layout-16018d1d wp-block-buttons-is-layout-flex\">\n<div class=\"wp-block-button\"><a class=\"wp-block-button__link wp-element-button\">\u00c0 propos<\/a><\/div>\n<\/div>\n<\/div><\/div>\n\n\n\n<div style=\"height:var(--wp--preset--spacing--30)\" aria-hidden=\"true\" class=\"wp-block-spacer\"><\/div>\n\n\n<div class=\"wp-block-image is-style-rounded\">\n<figure class=\"aligncenter size-full\"><img loading=\"lazy\" decoding=\"async\" width=\"300\" height=\"250\" src=\"https:\/\/new.deomatic.be\/wp-content\/uploads\/2025\/09\/pieces-detachees-9-e1759505035535-300x250-1.jpeg\" alt=\"\" class=\"wp-image-67\"\/><\/figure><\/div><\/div><\/div>\n\n\n\n<div class=\"wp-block-group has-base-2-background-color has-background\" style=\"margin-top:0;margin-bottom:0;padding-top:var(--wp--preset--spacing--50);padding-right:var(--wp--preset--spacing--50);padding-bottom:var(--wp--preset--spacing--50);padding-left:var(--wp--preset--spacing--50)\"><div class=\"wp-block-group__inner-container is-layout-constrained wp-container-core-group-is-layout-2bafd31c wp-block-group-is-layout-constrained\">\n<div class=\"wp-block-group is-vertical is-content-justification-center is-layout-flex wp-container-core-group-is-layout-7681721f wp-block-group-is-layout-flex\">\n<h2 class=\"wp-block-heading has-text-align-center is-style-asterisk\">Une offre compl\u00e8te pour tous les professionnels Horeca<\/h2>\n\n\n\n<div style=\"height:0px\" aria-hidden=\"true\" class=\"wp-block-spacer wp-container-content-4f2ccadb\"><\/div>\n<\/div>\n\n\n\n<div style=\"margin-top:0;margin-bottom:0;height:var(--wp--preset--spacing--40)\" aria-hidden=\"true\" class=\"wp-block-spacer\"><\/div>\n\n\n\n<div class=\"wp-block-columns alignwide is-layout-flex wp-container-core-columns-is-layout-2aabe216 wp-block-columns-is-layout-flex\">\n<div class=\"wp-block-column is-layout-flow wp-block-column-is-layout-flow\">\n<h3 class=\"wp-block-heading has-text-align-left is-style-asterisk has-body-font-family has-medium-font-size\" style=\"font-style:normal;font-weight:600\">Large stock disponible<\/h3>\n\n\n\n<p class=\"has-text-align-left\">Nous disposons de centaines de r\u00e9f\u00e9rences de pi\u00e8ces d\u00e9tach\u00e9es Horeca en stock afin de garantir des livraisons rapides.<\/p>\n<\/div>\n\n\n\n<div class=\"wp-block-column is-layout-flow wp-block-column-is-layout-flow\">\n<h3 class=\"wp-block-heading has-text-align-left is-style-asterisk has-body-font-family has-medium-font-size\" style=\"font-style:normal;font-weight:600\">Expertise rapide et pr\u00e9cise<\/h3>\n\n\n\n<p class=\"has-text-align-left\">Nous identifions rapidement la pi\u00e8ce qu\u2019il vous faut et vous \u00e9vitons les erreurs de commande gr\u00e2ce \u00e0 notre savoir-faire.<\/p>\n<\/div>\n\n\n\n<div class=\"wp-block-column is-layout-flow wp-block-column-is-layout-flow\">\n<h3 class=\"wp-block-heading has-text-align-left is-style-asterisk has-body-font-family has-medium-font-size\" style=\"font-style:normal;font-weight:600\">Support technique personnalis\u00e9<\/h3>\n\n\n\n<p class=\"has-text-align-left\">Nos experts vous conseillent et vous aident \u00e0 trouver la pi\u00e8ce exacte, en fonction de votre appareil et de votre panne.<\/p>\n<\/div>\n<\/div>\n\n\n\n<div style=\"height:var(--wp--preset--spacing--20)\" aria-hidden=\"true\" class=\"wp-block-spacer\"><\/div>\n\n\n\n<div class=\"wp-block-columns alignwide is-layout-flex wp-container-core-columns-is-layout-2aabe216 wp-block-columns-is-layout-flex\">\n<div class=\"wp-block-column is-layout-flow wp-block-column-is-layout-flow\">\n<h3 class=\"wp-block-heading has-text-align-left is-style-asterisk has-body-font-family has-medium-font-size\" style=\"font-style:normal;font-weight:600\">Disponibilit\u00e9 imm\u00e9diate au comptoir<\/h3>\n\n\n\n<p class=\"has-text-align-left\">Vous pouvez venir chercher vos pi\u00e8ces directement chez nous et repartir imm\u00e9diatement avec ce dont vous avez besoin.<\/p>\n<\/div>\n\n\n\n<div class=\"wp-block-column is-layout-flow wp-block-column-is-layout-flow\">\n<h3 class=\"wp-block-heading has-text-align-left is-style-asterisk has-body-font-family has-medium-font-size\" style=\"font-style:normal;font-weight:600\">Service de proximit\u00e9<\/h3>\n\n\n\n<p class=\"has-text-align-left\">Nous sommes toujours accessibles : un conseil rapide, une pi\u00e8ce en main, et votre mat\u00e9riel repart en service.<\/p>\n<\/div>\n\n\n\n<div class=\"wp-block-column is-layout-flow wp-block-column-is-layout-flow\">\n<h3 class=\"wp-block-heading has-text-align-left is-style-asterisk has-body-font-family has-medium-font-size\" style=\"font-style:normal;font-weight:600\">Architectural Solutions<\/h3>\n\n\n\n<p class=\"has-text-align-left\">Nous accompagnons restaurants, collectivit\u00e9s et techniciens de maintenance dans la continuit\u00e9 de leur activit\u00e9.<\/p>\n<\/div>\n<\/div>\n<\/div><\/div>\n\n\n\n<div class=\"wp-block-group\" style=\"margin-top:0;margin-bottom:0;padding-top:var(--wp--preset--spacing--50);padding-right:var(--wp--preset--spacing--50);padding-bottom:var(--wp--preset--spacing--50);padding-left:var(--wp--preset--spacing--50)\"><div class=\"wp-block-group__inner-container is-layout-constrained wp-container-core-group-is-layout-9cf8f26d wp-block-group-is-layout-constrained\">\n<div class=\"wp-block-group alignwide\"><div class=\"wp-block-group__inner-container is-layout-constrained wp-block-group-is-layout-constrained\">\n<div class=\"wp-block-group alignfull is-vertical is-content-justification-center is-layout-flex wp-container-core-group-is-layout-a170cc76 wp-block-group-is-layout-flex\">\n<h2 class=\"wp-block-heading has-text-align-center is-style-asterisk\"><\/h2>\n\n\n\n<p class=\"has-text-align-center\">Notre large offre de pi\u00e8ces d\u00e9tach\u00e9es et de services s\u2019adresse \u00e0 tous les professionnels de la restauration, des ind\u00e9pendants aux grandes cuisines collectives.<\/p>\n\n\n\n<div style=\"height:0px\" aria-hidden=\"true\" class=\"wp-block-spacer wp-container-content-5cee9cb3\"><\/div>\n<\/div>\n\n\n\n<div class=\"wp-block-columns are-vertically-aligned-center is-layout-flex wp-container-core-columns-is-layout-b1b80ead wp-block-columns-is-layout-flex\">\n<div class=\"wp-block-column is-vertically-aligned-center is-layout-flow wp-block-column-is-layout-flow\" style=\"flex-basis:40%\">\n<h3 class=\"wp-block-heading is-style-asterisk\">Notre force r\u00e9side dans l\u2019ampleur et la pr\u00e9cision de notre offre :<\/h3>\n\n\n\n<ul style=\"line-height:1.75\" class=\"wp-block-list is-style-checkmark-list\">\n<li><strong>Un catalogue exhaustif<\/strong>&nbsp;de plus de&nbsp;<strong>40 000 pi\u00e8ces<\/strong>&nbsp;d\u00e9j\u00e0 r\u00e9pertori\u00e9es.<\/li>\n\n\n\n<li><strong>Une gamme en constante \u00e9volution<\/strong>, \u00e9toff\u00e9e quotidiennement pour r\u00e9pondre \u00e0 tous vos besoins.<\/li>\n<\/ul>\n<\/div>\n\n\n\n<div class=\"wp-block-column is-vertically-aligned-center is-layout-flow wp-block-column-is-layout-flow\" style=\"flex-basis:50%\">\n<figure class=\"wp-block-image size-large is-style-rounded\"><img decoding=\"async\" src=\"https:\/\/new.deomatic.be\/wp-content\/themes\/twentytwentyfour\/assets\/images\/tourist-and-building.webp\" alt=\"Touriste prenant une photo d\u2019un b\u00e2timent.\"\/><\/figure>\n<\/div>\n<\/div>\n\n\n\n<div style=\"height:var(--wp--preset--spacing--40)\" aria-hidden=\"true\" class=\"wp-block-spacer\"><\/div>\n<\/div><\/div>\n<\/div><\/div>\n\n\n\n<div class=\"wp-block-group has-base-color has-contrast-background-color has-text-color has-background\" style=\"margin-top:0;margin-bottom:0;padding-top:var(--wp--preset--spacing--60);padding-right:var(--wp--preset--spacing--60);padding-bottom:var(--wp--preset--spacing--60);padding-left:var(--wp--preset--spacing--60)\"><div class=\"wp-block-group__inner-container is-layout-constrained wp-container-core-group-is-layout-6b0914bc wp-block-group-is-layout-constrained\">\n<div class=\"wp-block-group alignwide\"><div class=\"wp-block-group__inner-container is-layout-constrained wp-block-group-is-layout-constrained\">\n<h4 class=\"wp-block-heading has-text-align-center\"><em>\u00ab&nbsp;Deomatic fait gagner un temps pr\u00e9cieux aux professionnels en leur offrant imm\u00e9diatement la bonne pi\u00e8ce et le bon conseil, l\u00e0 o\u00f9 d\u2019autres se perdent dans des recherches interminables.&nbsp;\u00bb<\/em><\/h4>\n\n\n\n<div style=\"height:0px\" aria-hidden=\"true\" class=\"wp-block-spacer\"><\/div>\n<\/div><\/div>\n<\/div><\/div>\n","protected":false},"excerpt":{"rendered":"<p>Fournisseur en pi\u00e8ces d\u00e9tach\u00e9es pour mat\u00e9riel Horeca depuis 1979 Nous proposons une large gamme de pi\u00e8ces d\u00e9tach\u00e9es adapt\u00e9es \u00e0 votre mat\u00e9riel Horeca, avec un service personnalis\u00e9 pour r\u00e9pondre \u00e0 vos besoins sp\u00e9cifiques. Une offre compl\u00e8te pour tous les professionnels Horeca Large stock disponible Nous disposons de centaines de r\u00e9f\u00e9rences de pi\u00e8ces d\u00e9tach\u00e9es Horeca en stock&#8230;<\/p>\n","protected":false},"author":1,"featured_media":39,"parent":0,"menu_order":1,"comment_status":"closed","ping_status":"closed","template":"","meta":{"advanced_seo_description":"","jetpack_seo_html_title":"","jetpack_seo_noindex":false,"_kad_post_transparent":"","_kad_post_title":"default","_kad_post_layout":"default","_kad_post_sidebar_id":"","_kad_post_content_style":"","_kad_post_vertical_padding":"","_kad_post_feature":"","_kad_post_feature_position":"","_kad_post_header":false,"_kad_post_footer":false,"footnotes":""},"class_list":["post-45","page","type-page","status-publish","has-post-thumbnail","hentry"],"jetpack_sharing_enabled":true,"_links":{"self":[{"href":"https:\/\/new.deomatic.be\/index.php?rest_route=\/wp\/v2\/pages\/45","targetHints":{"allow":["GET"]}}],"collection":[{"href":"https:\/\/new.deomatic.be\/index.php?rest_route=\/wp\/v2\/pages"}],"about":[{"href":"https:\/\/new.deomatic.be\/index.php?rest_route=\/wp\/v2\/types\/page"}],"author":[{"embeddable":true,"href":"https:\/\/new.deomatic.be\/index.php?rest_route=\/wp\/v2\/users\/1"}],"replies":[{"embeddable":true,"href":"https:\/\/new.deomatic.be\/index.php?rest_route=%2Fwp%2Fv2%2Fcomments&post=45"}],"version-history":[{"count":29,"href":"https:\/\/new.deomatic.be\/index.php?rest_route=\/wp\/v2\/pages\/45\/revisions"}],"predecessor-version":[{"id":289,"href":"https:\/\/new.deomatic.be\/index.php?rest_route=\/wp\/v2\/pages\/45\/revisions\/289"}],"wp:featuredmedia":[{"embeddable":true,"href":"https:\/\/new.deomatic.be\/index.php?rest_route=\/wp\/v2\/media\/39"}],"wp:attachment":[{"href":"https:\/\/new.deomatic.be\/index.php?rest_route=%2Fwp%2Fv2%2Fmedia&parent=45"}],"curies":[{"name":"wp","href":"https:\/\/api.w.org\/{rel}","templated":true}]}}