{"id":2,"date":"2016-05-10T03:48:21","date_gmt":"2016-05-10T03:48:21","guid":{"rendered":"https:\/\/new.deomatic.be\/?page_id=2"},"modified":"2025-10-20T11:11:59","modified_gmt":"2025-10-20T11:11:59","slug":"sample-page","status":"publish","type":"page","link":"https:\/\/new.deomatic.be\/?page_id=2","title":{"rendered":"Qui sommes-nous ?"},"content":{"rendered":"\n<div style=\"height:40px\" aria-hidden=\"true\" class=\"wp-block-spacer\"><\/div>\n\n\n\n<h2 class=\"wp-block-heading alignwide has-text-align-center\">Qui sommes-nous ?<\/h2>\n\n\n\n<div style=\"height:50px\" aria-hidden=\"true\" class=\"wp-block-spacer\"><\/div>\n\n\n\n<p class=\"has-text-align-left\">Fond\u00e9e avec la volont\u00e9 de soutenir les professionnels de la restauration et de l\u2019Horeca,<mark style=\"background-color:rgba(0, 0, 0, 0)\" class=\"has-inline-color has-theme-palette-3-color\"> <strong>Deomatic<\/strong> <\/mark>est aujourd\u2019hui une r\u00e9f\u00e9rence en mati\u00e8re de pi\u00e8ces d\u00e9tach\u00e9es pour cuisines professionnelles.<br>Depuis plus de deux d\u00e9cennies, nous mettons notre expertise et notre savoir-faire au service des techniciens, restaurateurs, collectivit\u00e9s et promoteurs Horeca.<\/p>\n\n\n\n<p>Notre mission est simple :<mark style=\"background-color:rgba(0, 0, 0, 0)\" class=\"has-inline-color has-theme-palette-3-color\"> <strong>fournir rapidement et efficacement la pi\u00e8ce qu\u2019il vous faut<\/strong> <\/mark>afin de limiter vos temps d\u2019arr\u00eat et de garantir la continuit\u00e9 de vos activit\u00e9s.<\/p>\n\n\n\n<p>Avec plus de<mark style=\"background-color:rgba(0, 0, 0, 0)\" class=\"has-inline-color has-theme-palette-3-color\"> <strong>150 rayons de pi\u00e8ces disponibles en permanence<\/strong> <\/mark>et une \u00e9quipe \u00e0 l\u2019\u00e9coute, Deomatic combine<mark style=\"background-color:rgba(0, 0, 0, 0)\" class=\"has-inline-color has-theme-palette-3-color\"> <strong>stock imm\u00e9diat<\/strong>, <strong>r\u00e9activit\u00e9<\/strong> <\/mark>et <strong><mark style=\"background-color:rgba(0, 0, 0, 0);color:#ffffff\" class=\"has-inline-color\">conseil technique <\/mark><mark style=\"background-color:rgba(0, 0, 0, 0)\" class=\"has-inline-color has-theme-palette-3-color\">personnalis\u00e9<\/mark><\/strong>. Nous savons qu\u2019une panne co\u00fbte cher : c\u2019est pourquoi chaque demande est trait\u00e9e avec soin, qu\u2019il s\u2019agisse d\u2019un petit \u00e9tablissement ou d\u2019une grande cuisine collective.<\/p>\n\n\n\n<p>Au fil des ann\u00e9es, Deomatic est devenu plus qu\u2019un fournisseur : un<mark style=\"background-color:rgba(0, 0, 0, 0)\" class=\"has-inline-color has-theme-palette-3-color\"> <strong>partenaire de confiance<\/strong> <\/mark>pour tous les professionnels qui recherchent des solutions rapides, fiables et durables.<\/p>\n\n\n\n<p><\/p>\n","protected":false},"excerpt":{"rendered":"<p>Qui sommes-nous ? Fond\u00e9e avec la volont\u00e9 de soutenir les professionnels de la restauration et de l\u2019Horeca, Deomatic est aujourd\u2019hui une r\u00e9f\u00e9rence en mati\u00e8re de pi\u00e8ces d\u00e9tach\u00e9es pour cuisines professionnelles.Depuis plus de deux d\u00e9cennies, nous mettons notre expertise et notre savoir-faire au service des techniciens, restaurateurs, collectivit\u00e9s et promoteurs Horeca. Notre mission est simple :&#8230;<\/p>\n","protected":false},"author":1,"featured_media":0,"parent":0,"menu_order":0,"comment_status":"closed","ping_status":"open","template":"","meta":{"advanced_seo_description":"","jetpack_seo_html_title":"","jetpack_seo_noindex":false,"_kad_post_transparent":"","_kad_post_title":"","_kad_post_layout":"","_kad_post_sidebar_id":"","_kad_post_content_style":"","_kad_post_vertical_padding":"","_kad_post_feature":"","_kad_post_feature_position":"","_kad_post_header":false,"_kad_post_footer":false,"footnotes":""},"class_list":["post-2","page","type-page","status-publish","hentry"],"jetpack_sharing_enabled":true,"_links":{"self":[{"href":"https:\/\/new.deomatic.be\/index.php?rest_route=\/wp\/v2\/pages\/2","targetHints":{"allow":["GET"]}}],"collection":[{"href":"https:\/\/new.deomatic.be\/index.php?rest_route=\/wp\/v2\/pages"}],"about":[{"href":"https:\/\/new.deomatic.be\/index.php?rest_route=\/wp\/v2\/types\/page"}],"author":[{"embeddable":true,"href":"https:\/\/new.deomatic.be\/index.php?rest_route=\/wp\/v2\/users\/1"}],"replies":[{"embeddable":true,"href":"https:\/\/new.deomatic.be\/index.php?rest_route=%2Fwp%2Fv2%2Fcomments&post=2"}],"version-history":[{"count":8,"href":"https:\/\/new.deomatic.be\/index.php?rest_route=\/wp\/v2\/pages\/2\/revisions"}],"predecessor-version":[{"id":294,"href":"https:\/\/new.deomatic.be\/index.php?rest_route=\/wp\/v2\/pages\/2\/revisions\/294"}],"wp:attachment":[{"href":"https:\/\/new.deomatic.be\/index.php?rest_route=%2Fwp%2Fv2%2Fmedia&parent=2"}],"curies":[{"name":"wp","href":"https:\/\/api.w.org\/{rel}","templated":true}]}}